{"id":90,"date":"2023-04-22T10:12:30","date_gmt":"2023-04-22T10:12:30","guid":{"rendered":"https:\/\/campinglosviveros.net\/?page_id=90"},"modified":"2026-03-10T20:22:30","modified_gmt":"2026-03-10T20:22:30","slug":"inicio","status":"publish","type":"page","link":"https:\/\/campinglosviveros.net\/","title":{"rendered":"Inicio"},"content":{"rendered":"<h1>Un lugar para vivir la naturaleza<\/h1>\n<p>\t\t\tEl Camping se encuentra rodeado de bonitos parajes que permiten disfrutar de diversas actividades combinando deportes y naturaleza.<br \/>\n\t\t\t<a href=\"https:\/\/campinglosviveros.net\/quienes-somos\/\"><br \/>\n\t\t\t\t\t\t\t\t\tConocer m\u00e1s<br \/>\n\t\t\t\t\t<\/a><\/p>\n<p><strong>EL CAMPING ESTA ABIERTO LOS 365 DIAS DEL A\u00d1O<\/strong><br \/><strong>ACCESO EN TODO EL RECINTO A MINUSVALIDOS<\/strong><\/p>\n<p>El nuevo Camping Los Viveros fue creado para invitar a las persona a que disfruten de la naturaleza, conozcan las maravillas que nos rodean y descubran m\u00e1s acerca el mundo de la fauna y la flora<\/p>\n<p>El nuevo Camping Los Viveros se encuentra a las afueras del municipio de Calasparra, a 350 metros sobre el nivel del mar y en medio de grandes extensiones de cultivos de arroz.<\/p>\n<p>En un rado de unos 300 mestros podemos encontrar el r\u00edo segura, el bosque de Galer\u00eda o el paraje de Ca\u00f1averosa y menos de 2 km el Santuario Virgen de la Esperanza<\/p>\n<p>A menos de 4km se encuentra el municipio de Clasparra, la cumbre del arroz bomba. Un pueblo con una historia incre\u00edble reflejada en sus museos, monumentos, iglesias y rincones por descubrir.<\/p>\n<p>Con buenos lugares gastron\u00f3micos y de ocio para pasar un inolvidable rato.<\/p>\n<h3>\n\t\t\t\t\t\t\tPiscinas<br \/>\n\t\t\t\t\t<\/h3>\n<h3>\n\t\t\t\t\t\t\tChiringuito<br \/>\n\t\t\t\t\t<\/h3>\n<h3>\n\t\t\t\t\t\t\tPet Friendly<br \/>\n\t\t\t\t\t<\/h3>\n<h3>\n\t\t\t\t\t\t\tParking<br \/>\n\t\t\t\t\t<\/h3>\n<h3>\n\t\t\t\t\t\t\tPiscinas<br \/>\n\t\t\t\t\t<\/h3>\n<h3>\n\t\t\t\t\t\t\tAcceso<br \/>\n\t\t\t\t\t<\/h3>\n<h3>\n\t\t\t\t\t\t\tBarbacoa<br \/>\n\t\t\t\t\t<\/h3>\n<h3>\n\t\t\t\t\t\t\tParque<br \/>\n\t\t\t\t\t<\/h3>\n<h3>\n\t\t\t\t\t\t\tPista deportiva<br \/>\n\t\t\t\t\t<\/h3>\n<h3>\n\t\t\t\t\t\t\tHorny y pan<br \/>\n\t\t\t\t\t<\/h3>\n<h3>\n\t\t\t\t\t\t\tInstalaci\u00f3n tirolina<br \/>\n\t\t\t\t\t<\/h3>\n<h3>\n\t\t\t\t\t\t\tCircuito Paintball<br \/>\n\t\t\t\t\t<\/h3>\n","protected":false},"excerpt":{"rendered":"<p>Un lugar para vivir la naturaleza El Camping se encuentra rodeado de bonitos parajes que permiten disfrutar de diversas actividades combinando deportes y naturaleza. Conocer m\u00e1s EL CAMPING ESTA ABIERTO LOS 365 DIAS DEL A\u00d1OACCESO EN TODO EL RECINTO A MINUSVALIDOS El nuevo Camping Los Viveros fue creado para invitar a las persona a que [&hellip;]<\/p>\n","protected":false},"author":1,"featured_media":0,"parent":0,"menu_order":0,"comment_status":"closed","ping_status":"closed","template":"elementor_header_footer","meta":{"inline_featured_image":false,"footnotes":""},"class_list":["post-90","page","type-page","status-publish","hentry"],"_links":{"self":[{"href":"https:\/\/campinglosviveros.net\/index.php?rest_route=\/wp\/v2\/pages\/90","targetHints":{"allow":["GET"]}}],"collection":[{"href":"https:\/\/campinglosviveros.net\/index.php?rest_route=\/wp\/v2\/pages"}],"about":[{"href":"https:\/\/campinglosviveros.net\/index.php?rest_route=\/wp\/v2\/types\/page"}],"author":[{"embeddable":true,"href":"https:\/\/campinglosviveros.net\/index.php?rest_route=\/wp\/v2\/users\/1"}],"replies":[{"embeddable":true,"href":"https:\/\/campinglosviveros.net\/index.php?rest_route=%2Fwp%2Fv2%2Fcomments&post=90"}],"version-history":[{"count":76,"href":"https:\/\/campinglosviveros.net\/index.php?rest_route=\/wp\/v2\/pages\/90\/revisions"}],"predecessor-version":[{"id":870,"href":"https:\/\/campinglosviveros.net\/index.php?rest_route=\/wp\/v2\/pages\/90\/revisions\/870"}],"wp:attachment":[{"href":"https:\/\/campinglosviveros.net\/index.php?rest_route=%2Fwp%2Fv2%2Fmedia&parent=90"}],"curies":[{"name":"wp","href":"https:\/\/api.w.org\/{rel}","templated":true}]}}